{"id":14,"date":"2025-08-26T18:21:04","date_gmt":"2025-08-26T18:21:04","guid":{"rendered":"https:\/\/bokrossy.hu\/?page_id=14"},"modified":"2025-09-01T19:34:58","modified_gmt":"2025-09-01T19:34:58","slug":"hirek-blog","status":"publish","type":"page","link":"https:\/\/bokrossy.hu\/en\/hirek-blog\/","title":{"rendered":"News, blog"},"content":{"rendered":"<div data-elementor-type=\"wp-page\" data-elementor-id=\"14\" class=\"elementor elementor-14\" data-elementor-post-type=\"page\">\n\t\t\t\t<div class=\"elementor-element elementor-element-7a6aa1c e-flex e-con-boxed e-con e-parent\" data-id=\"7a6aa1c\" data-element_type=\"container\" data-e-type=\"container\" data-settings=\"{&quot;background_background&quot;:&quot;classic&quot;,&quot;shape_divider_bottom&quot;:&quot;pyramids&quot;}\">\n\t\t\t\t\t<div class=\"e-con-inner\">\n\t\t\t\t<div class=\"elementor-shape elementor-shape-bottom\" aria-hidden=\"true\" data-negative=\"false\">\n\t\t\t<svg xmlns=\"http:\/\/www.w3.org\/2000\/svg\" viewbox=\"0 0 1000 100\" preserveaspectratio=\"none\">\n\t<path class=\"elementor-shape-fill\" d=\"M761.9,44.1L643.1,27.2L333.8,98L0,3.8V0l1000,0v3.9\"\/>\n<\/svg>\t\t<\/div>\n\t\t\t\t<div class=\"elementor-element elementor-element-cdb1a8b elementor-widget elementor-widget-heading\" data-id=\"cdb1a8b\" data-element_type=\"widget\" data-e-type=\"widget\" data-widget_type=\"heading.default\">\n\t\t\t\t\t<h2 class=\"elementor-heading-title elementor-size-default\">News, blog<\/h2>\t\t\t\t<\/div>\n\t\t\t\t<div class=\"elementor-element elementor-element-020ef8a elementor-widget elementor-widget-text-editor\" data-id=\"020ef8a\" data-element_type=\"widget\" data-e-type=\"widget\" data-widget_type=\"text-editor.default\">\n\t\t\t\t\t\t\t\t\t<p>Interesting facts and current events pointing to the future: read our articles and get ideas for your own journey.<\/p>\t\t\t\t\t\t\t\t<\/div>\n\t\t\t\t\t<\/div>\n\t\t\t\t<\/div>\n\t\t<div class=\"elementor-element elementor-element-be39cb9 e-flex e-con-boxed e-con e-parent\" data-id=\"be39cb9\" data-element_type=\"container\" data-e-type=\"container\">\n\t\t\t\t\t<div class=\"e-con-inner\">\n\t\t\t\t<div class=\"elementor-element elementor-element-7615b80 elementor-posts--align-center elementor-grid-3 elementor-grid-tablet-2 elementor-grid-mobile-1 elementor-posts--thumbnail-top elementor-card-shadow-yes elementor-posts__hover-gradient elementor-invisible elementor-widget elementor-widget-posts\" data-id=\"7615b80\" data-element_type=\"widget\" data-e-type=\"widget\" data-settings=\"{&quot;cards_row_gap&quot;:{&quot;unit&quot;:&quot;px&quot;,&quot;size&quot;:40,&quot;sizes&quot;:[]},&quot;_animation&quot;:&quot;fadeInUp&quot;,&quot;cards_columns&quot;:&quot;3&quot;,&quot;cards_columns_tablet&quot;:&quot;2&quot;,&quot;cards_columns_mobile&quot;:&quot;1&quot;,&quot;cards_row_gap_tablet&quot;:{&quot;unit&quot;:&quot;px&quot;,&quot;size&quot;:&quot;&quot;,&quot;sizes&quot;:[]},&quot;cards_row_gap_mobile&quot;:{&quot;unit&quot;:&quot;px&quot;,&quot;size&quot;:&quot;&quot;,&quot;sizes&quot;:[]}}\" data-widget_type=\"posts.cards\">\n\t\t\t\t<div class=\"elementor-widget-container\">\n\t\t\t\t\t\t\t<div class=\"elementor-posts-container elementor-posts elementor-posts--skin-cards elementor-grid\" role=\"list\">\n\t\t\t\t<article class=\"elementor-post elementor-grid-item post-407 post type-post status-publish format-standard has-post-thumbnail hentry category-blog\" role=\"listitem\">\n\t\t\t<div class=\"elementor-post__card\">\n\t\t\t\t<a class=\"elementor-post__thumbnail__link\" href=\"https:\/\/bokrossy.hu\/en\/2025\/08\/31\/tobb-mint-illat-doterra-olajok-a-mindennapokban\/\" tabindex=\"-1\" ><div class=\"elementor-post__thumbnail\"><img fetchpriority=\"high\" decoding=\"async\" width=\"1280\" height=\"900\" src=\"https:\/\/bokrossy.hu\/wp-content\/uploads\/2025\/08\/doterra-blog-hasznalat.jpg\" class=\"attachment-full size-full wp-image-408\" alt=\"\" srcset=\"https:\/\/bokrossy.hu\/wp-content\/uploads\/2025\/08\/doterra-blog-hasznalat.jpg 1280w, https:\/\/bokrossy.hu\/wp-content\/uploads\/2025\/08\/doterra-blog-hasznalat-300x211.jpg 300w, https:\/\/bokrossy.hu\/wp-content\/uploads\/2025\/08\/doterra-blog-hasznalat-1024x720.jpg 1024w, https:\/\/bokrossy.hu\/wp-content\/uploads\/2025\/08\/doterra-blog-hasznalat-768x540.jpg 768w\" sizes=\"(max-width: 1280px) 100vw, 1280px\" \/><\/div><\/a>\n\t\t\t\t<div class=\"elementor-post__badge\">Blog<\/div>\n\t\t\t\t<div class=\"elementor-post__text\">\n\t\t\t\t<h3 class=\"elementor-post__title\">\n\t\t\t<a href=\"https:\/\/bokrossy.hu\/en\/2025\/08\/31\/tobb-mint-illat-doterra-olajok-a-mindennapokban\/\" >\n\t\t\t\tMore than fragrance - doTERRA oils for everyday life\t\t\t<\/a>\n\t\t<\/h3>\n\t\t\t\t<div class=\"elementor-post__excerpt\">\n\t\t\t<p>doTERRA essential oils not only smell good, they also provide tangible help with the small, everyday challenges of life. Instead of<\/p>\n\t\t<\/div>\n\t\t\n\t\t<a class=\"elementor-post__read-more\" href=\"https:\/\/bokrossy.hu\/en\/2025\/08\/31\/tobb-mint-illat-doterra-olajok-a-mindennapokban\/\" aria-label=\"Read more about T\u00f6bb mint illat \u2013 doTERRA olajok a mindennapokban\" tabindex=\"-1\" >\n\t\t\tREAD MORE\t\t<\/a>\n\n\t\t\t\t<\/div>\n\t\t\t\t\t<\/div>\n\t\t<\/article>\n\t\t\t\t<article class=\"elementor-post elementor-grid-item post-404 post type-post status-publish format-standard has-post-thumbnail hentry category-blog\" role=\"listitem\">\n\t\t\t<div class=\"elementor-post__card\">\n\t\t\t\t<a class=\"elementor-post__thumbnail__link\" href=\"https:\/\/bokrossy.hu\/en\/2025\/08\/31\/a-doterra-mogotti-kuldetestudat-a-tortenetunk\/\" tabindex=\"-1\" ><div class=\"elementor-post__thumbnail\"><img decoding=\"async\" width=\"1280\" height=\"900\" src=\"https:\/\/bokrossy.hu\/wp-content\/uploads\/2025\/08\/blog-tortenetunk.jpg\" class=\"attachment-full size-full wp-image-405\" alt=\"\" srcset=\"https:\/\/bokrossy.hu\/wp-content\/uploads\/2025\/08\/blog-tortenetunk.jpg 1280w, https:\/\/bokrossy.hu\/wp-content\/uploads\/2025\/08\/blog-tortenetunk-300x211.jpg 300w, https:\/\/bokrossy.hu\/wp-content\/uploads\/2025\/08\/blog-tortenetunk-1024x720.jpg 1024w, https:\/\/bokrossy.hu\/wp-content\/uploads\/2025\/08\/blog-tortenetunk-768x540.jpg 768w\" sizes=\"(max-width: 1280px) 100vw, 1280px\" \/><\/div><\/a>\n\t\t\t\t<div class=\"elementor-post__badge\">Blog<\/div>\n\t\t\t\t<div class=\"elementor-post__text\">\n\t\t\t\t<h3 class=\"elementor-post__title\">\n\t\t\t<a href=\"https:\/\/bokrossy.hu\/en\/2025\/08\/31\/a-doterra-mogotti-kuldetestudat-a-tortenetunk\/\" >\n\t\t\t\tThe mission behind doTERRA - our story\t\t\t<\/a>\n\t\t<\/h3>\n\t\t\t\t<div class=\"elementor-post__excerpt\">\n\t\t\t<p>When we first came across doTERRA, we didn't see it as a business opportunity, but as a hope: a natural way to support our family<\/p>\n\t\t<\/div>\n\t\t\n\t\t<a class=\"elementor-post__read-more\" href=\"https:\/\/bokrossy.hu\/en\/2025\/08\/31\/a-doterra-mogotti-kuldetestudat-a-tortenetunk\/\" aria-label=\"Read more about A doTERRA m\u00f6g\u00f6tti k\u00fcldet\u00e9studat \u2013 a t\u00f6rt\u00e9net\u00fcnk\" tabindex=\"-1\" >\n\t\t\tREAD MORE\t\t<\/a>\n\n\t\t\t\t<\/div>\n\t\t\t\t\t<\/div>\n\t\t<\/article>\n\t\t\t\t<article class=\"elementor-post elementor-grid-item post-401 post type-post status-publish format-standard has-post-thumbnail hentry category-blog\" role=\"listitem\">\n\t\t\t<div class=\"elementor-post__card\">\n\t\t\t\t<a class=\"elementor-post__thumbnail__link\" href=\"https:\/\/bokrossy.hu\/en\/2025\/08\/31\/az-illoolajok-vilaga-miert-a-doterra\/\" tabindex=\"-1\" ><div class=\"elementor-post__thumbnail\"><img decoding=\"async\" width=\"1280\" height=\"900\" src=\"https:\/\/bokrossy.hu\/wp-content\/uploads\/2025\/08\/doterra-blog.jpg\" class=\"attachment-full size-full wp-image-402\" alt=\"\" srcset=\"https:\/\/bokrossy.hu\/wp-content\/uploads\/2025\/08\/doterra-blog.jpg 1280w, https:\/\/bokrossy.hu\/wp-content\/uploads\/2025\/08\/doterra-blog-300x211.jpg 300w, https:\/\/bokrossy.hu\/wp-content\/uploads\/2025\/08\/doterra-blog-1024x720.jpg 1024w, https:\/\/bokrossy.hu\/wp-content\/uploads\/2025\/08\/doterra-blog-768x540.jpg 768w\" sizes=\"(max-width: 1280px) 100vw, 1280px\" \/><\/div><\/a>\n\t\t\t\t<div class=\"elementor-post__badge\">Blog<\/div>\n\t\t\t\t<div class=\"elementor-post__text\">\n\t\t\t\t<h3 class=\"elementor-post__title\">\n\t\t\t<a href=\"https:\/\/bokrossy.hu\/en\/2025\/08\/31\/az-illoolajok-vilaga-miert-a-doterra\/\" >\n\t\t\t\tThe world of essential oils: why doTERRA?\t\t\t<\/a>\n\t\t<\/h3>\n\t\t\t\t<div class=\"elementor-post__excerpt\">\n\t\t\t<p>When we first came across doTERRA, our first experience was so fantastic that we knew right away we had to share it with others.<\/p>\n\t\t<\/div>\n\t\t\n\t\t<a class=\"elementor-post__read-more\" href=\"https:\/\/bokrossy.hu\/en\/2025\/08\/31\/az-illoolajok-vilaga-miert-a-doterra\/\" aria-label=\"Read more about Az ill\u00f3olajok vil\u00e1ga: mi\u00e9rt a doTERRA?\" tabindex=\"-1\" >\n\t\t\tREAD MORE\t\t<\/a>\n\n\t\t\t\t<\/div>\n\t\t\t\t\t<\/div>\n\t\t<\/article>\n\t\t\t\t<\/div>\n\t\t\n\t\t\t\t\t\t<\/div>\n\t\t\t\t<\/div>\n\t\t\t\t\t<\/div>\n\t\t\t\t<\/div>\n\t\t\t\t<\/div>","protected":false},"excerpt":{"rendered":"<p>Interesting facts and current events pointing to the future: read our articles and get ideas for your own journey.<\/p>","protected":false},"author":1,"featured_media":0,"parent":0,"menu_order":0,"comment_status":"closed","ping_status":"closed","template":"elementor_header_footer","meta":{"footnotes":""},"class_list":["post-14","page","type-page","status-publish","hentry"],"_links":{"self":[{"href":"https:\/\/bokrossy.hu\/en\/wp-json\/wp\/v2\/pages\/14","targetHints":{"allow":["GET"]}}],"collection":[{"href":"https:\/\/bokrossy.hu\/en\/wp-json\/wp\/v2\/pages"}],"about":[{"href":"https:\/\/bokrossy.hu\/en\/wp-json\/wp\/v2\/types\/page"}],"author":[{"embeddable":true,"href":"https:\/\/bokrossy.hu\/en\/wp-json\/wp\/v2\/users\/1"}],"replies":[{"embeddable":true,"href":"https:\/\/bokrossy.hu\/en\/wp-json\/wp\/v2\/comments?post=14"}],"version-history":[{"count":25,"href":"https:\/\/bokrossy.hu\/en\/wp-json\/wp\/v2\/pages\/14\/revisions"}],"predecessor-version":[{"id":601,"href":"https:\/\/bokrossy.hu\/en\/wp-json\/wp\/v2\/pages\/14\/revisions\/601"}],"wp:attachment":[{"href":"https:\/\/bokrossy.hu\/en\/wp-json\/wp\/v2\/media?parent=14"}],"curies":[{"name":"wp","href":"https:\/\/api.w.org\/{rel}","templated":true}]}}